{"id":1257,"date":"2019-02-17T07:47:40","date_gmt":"2019-02-17T06:47:40","guid":{"rendered":"http:\/\/pariscollectif.com\/?page_id=1257"},"modified":"2019-02-17T08:34:59","modified_gmt":"2019-02-17T07:34:59","slug":"cours-ch","status":"publish","type":"page","link":"https:\/\/pariscollectif.com\/index.php\/cours-ch\/","title":{"rendered":"Cours ch"},"content":{"rendered":"","protected":false},"excerpt":{"rendered":"","protected":false},"author":1,"featured_media":0,"parent":0,"menu_order":0,"comment_status":"closed","ping_status":"closed","template":"","meta":{"neve_meta_sidebar":"","neve_meta_container":"","neve_meta_enable_content_width":"","neve_meta_content_width":70,"neve_meta_title_alignment":"","neve_meta_author_avatar":"","neve_post_elements_order":"","neve_meta_disable_header":"","neve_meta_disable_footer":"","neve_meta_disable_title":""},"yoast_head":"<!-- This site is optimized with the Yoast SEO plugin v19.6.1 - https:\/\/yoast.com\/wordpress\/plugins\/seo\/ -->\n<title>Cours ch - Paris Collectif<\/title>\n<meta name=\"robots\" content=\"index, follow, max-snippet:-1, max-image-preview:large, max-video-preview:-1\" \/>\n<link rel=\"canonical\" href=\"https:\/\/pariscollectif.com\/index.php\/cours-ch\/\" \/>\n<meta property=\"og:locale\" content=\"fr_FR\" \/>\n<meta property=\"og:type\" content=\"article\" \/>\n<meta property=\"og:title\" content=\"Cours ch - Paris Collectif\" \/>\n<meta property=\"og:url\" content=\"https:\/\/pariscollectif.com\/index.php\/cours-ch\/\" \/>\n<meta property=\"og:site_name\" content=\"Paris Collectif\" \/>\n<meta property=\"article:publisher\" content=\"https:\/\/www.facebook.com\/paris.collectif\/\" \/>\n<meta property=\"article:modified_time\" content=\"2019-02-17T07:34:59+00:00\" \/>\n<meta property=\"og:image\" content=\"https:\/\/pariscollectif.com\/wp-content\/uploads\/2019\/12\/25659479_138922750226790_276571263409988145_n.png\" \/>\n\t<meta property=\"og:image:width\" content=\"454\" \/>\n\t<meta property=\"og:image:height\" content=\"651\" \/>\n\t<meta property=\"og:image:type\" content=\"image\/png\" \/>\n<meta name=\"twitter:card\" content=\"summary_large_image\" \/>\n<script type=\"application\/ld+json\" class=\"yoast-schema-graph\">{\"@context\":\"https:\/\/schema.org\",\"@graph\":[{\"@type\":\"WebPage\",\"@id\":\"https:\/\/pariscollectif.com\/index.php\/cours-ch\/\",\"url\":\"https:\/\/pariscollectif.com\/index.php\/cours-ch\/\",\"name\":\"Cours ch - Paris Collectif\",\"isPartOf\":{\"@id\":\"https:\/\/pariscollectif.com\/#website\"},\"datePublished\":\"2019-02-17T06:47:40+00:00\",\"dateModified\":\"2019-02-17T07:34:59+00:00\",\"breadcrumb\":{\"@id\":\"https:\/\/pariscollectif.com\/index.php\/cours-ch\/#breadcrumb\"},\"inLanguage\":\"fr-FR\",\"potentialAction\":[{\"@type\":\"ReadAction\",\"target\":[\"https:\/\/pariscollectif.com\/index.php\/cours-ch\/\"]}]},{\"@type\":\"BreadcrumbList\",\"@id\":\"https:\/\/pariscollectif.com\/index.php\/cours-ch\/#breadcrumb\",\"itemListElement\":[{\"@type\":\"ListItem\",\"position\":1,\"name\":\"Home\",\"item\":\"https:\/\/pariscollectif.com\/\"},{\"@type\":\"ListItem\",\"position\":2,\"name\":\"Cours ch\"}]},{\"@type\":\"WebSite\",\"@id\":\"https:\/\/pariscollectif.com\/#website\",\"url\":\"https:\/\/pariscollectif.com\/\",\"name\":\"Paris Collectif\",\"description\":\"Paris collectif \u00e9cole de fran\u00e7ais \u00e0 Paris\",\"publisher\":{\"@id\":\"https:\/\/pariscollectif.com\/#organization\"},\"potentialAction\":[{\"@type\":\"SearchAction\",\"target\":{\"@type\":\"EntryPoint\",\"urlTemplate\":\"https:\/\/pariscollectif.com\/?s={search_term_string}\"},\"query-input\":\"required name=search_term_string\"}],\"inLanguage\":\"fr-FR\"},{\"@type\":\"Organization\",\"@id\":\"https:\/\/pariscollectif.com\/#organization\",\"name\":\"Paris collectif\",\"url\":\"https:\/\/pariscollectif.com\/\",\"sameAs\":[\"https:\/\/www.facebook.com\/paris.collectif\/\"],\"logo\":{\"@type\":\"ImageObject\",\"inLanguage\":\"fr-FR\",\"@id\":\"https:\/\/pariscollectif.com\/#\/schema\/logo\/image\/\",\"url\":\"https:\/\/pariscollectif.com\/wp-content\/uploads\/2019\/12\/25659479_138922750226790_276571263409988145_n.png\",\"contentUrl\":\"https:\/\/pariscollectif.com\/wp-content\/uploads\/2019\/12\/25659479_138922750226790_276571263409988145_n.png\",\"width\":454,\"height\":651,\"caption\":\"Paris collectif\"},\"image\":{\"@id\":\"https:\/\/pariscollectif.com\/#\/schema\/logo\/image\/\"}}]}<\/script>\n<!-- \/ Yoast SEO plugin. -->","yoast_head_json":{"title":"Cours ch - Paris Collectif","robots":{"index":"index","follow":"follow","max-snippet":"max-snippet:-1","max-image-preview":"max-image-preview:large","max-video-preview":"max-video-preview:-1"},"canonical":"https:\/\/pariscollectif.com\/index.php\/cours-ch\/","og_locale":"fr_FR","og_type":"article","og_title":"Cours ch - Paris Collectif","og_url":"https:\/\/pariscollectif.com\/index.php\/cours-ch\/","og_site_name":"Paris Collectif","article_publisher":"https:\/\/www.facebook.com\/paris.collectif\/","article_modified_time":"2019-02-17T07:34:59+00:00","og_image":[{"width":454,"height":651,"url":"https:\/\/pariscollectif.com\/wp-content\/uploads\/2019\/12\/25659479_138922750226790_276571263409988145_n.png","type":"image\/png"}],"twitter_card":"summary_large_image","schema":{"@context":"https:\/\/schema.org","@graph":[{"@type":"WebPage","@id":"https:\/\/pariscollectif.com\/index.php\/cours-ch\/","url":"https:\/\/pariscollectif.com\/index.php\/cours-ch\/","name":"Cours ch - Paris Collectif","isPartOf":{"@id":"https:\/\/pariscollectif.com\/#website"},"datePublished":"2019-02-17T06:47:40+00:00","dateModified":"2019-02-17T07:34:59+00:00","breadcrumb":{"@id":"https:\/\/pariscollectif.com\/index.php\/cours-ch\/#breadcrumb"},"inLanguage":"fr-FR","potentialAction":[{"@type":"ReadAction","target":["https:\/\/pariscollectif.com\/index.php\/cours-ch\/"]}]},{"@type":"BreadcrumbList","@id":"https:\/\/pariscollectif.com\/index.php\/cours-ch\/#breadcrumb","itemListElement":[{"@type":"ListItem","position":1,"name":"Home","item":"https:\/\/pariscollectif.com\/"},{"@type":"ListItem","position":2,"name":"Cours ch"}]},{"@type":"WebSite","@id":"https:\/\/pariscollectif.com\/#website","url":"https:\/\/pariscollectif.com\/","name":"Paris Collectif","description":"Paris collectif \u00e9cole de fran\u00e7ais \u00e0 Paris","publisher":{"@id":"https:\/\/pariscollectif.com\/#organization"},"potentialAction":[{"@type":"SearchAction","target":{"@type":"EntryPoint","urlTemplate":"https:\/\/pariscollectif.com\/?s={search_term_string}"},"query-input":"required name=search_term_string"}],"inLanguage":"fr-FR"},{"@type":"Organization","@id":"https:\/\/pariscollectif.com\/#organization","name":"Paris collectif","url":"https:\/\/pariscollectif.com\/","sameAs":["https:\/\/www.facebook.com\/paris.collectif\/"],"logo":{"@type":"ImageObject","inLanguage":"fr-FR","@id":"https:\/\/pariscollectif.com\/#\/schema\/logo\/image\/","url":"https:\/\/pariscollectif.com\/wp-content\/uploads\/2019\/12\/25659479_138922750226790_276571263409988145_n.png","contentUrl":"https:\/\/pariscollectif.com\/wp-content\/uploads\/2019\/12\/25659479_138922750226790_276571263409988145_n.png","width":454,"height":651,"caption":"Paris collectif"},"image":{"@id":"https:\/\/pariscollectif.com\/#\/schema\/logo\/image\/"}}]}},"_links":{"self":[{"href":"https:\/\/pariscollectif.com\/index.php\/wp-json\/wp\/v2\/pages\/1257"}],"collection":[{"href":"https:\/\/pariscollectif.com\/index.php\/wp-json\/wp\/v2\/pages"}],"about":[{"href":"https:\/\/pariscollectif.com\/index.php\/wp-json\/wp\/v2\/types\/page"}],"author":[{"embeddable":true,"href":"https:\/\/pariscollectif.com\/index.php\/wp-json\/wp\/v2\/users\/1"}],"replies":[{"embeddable":true,"href":"https:\/\/pariscollectif.com\/index.php\/wp-json\/wp\/v2\/comments?post=1257"}],"version-history":[{"count":0,"href":"https:\/\/pariscollectif.com\/index.php\/wp-json\/wp\/v2\/pages\/1257\/revisions"}],"wp:attachment":[{"href":"https:\/\/pariscollectif.com\/index.php\/wp-json\/wp\/v2\/media?parent=1257"}],"curies":[{"name":"wp","href":"https:\/\/api.w.org\/{rel}","templated":true}]}}